{"id":80,"date":"2019-03-05T08:51:28","date_gmt":"2019-03-05T07:51:28","guid":{"rendered":"https:\/\/robben-island-tickets.com\/?page_id=16"},"modified":"2026-01-07T11:02:46","modified_gmt":"2026-01-07T10:02:46","slug":"isla-robben-island","status":"publish","type":"page","link":"https:\/\/robben-island-tickets.com\/es\/isla-robben-island\/","title":{"rendered":"Isla Robben ISLAND"},"content":{"rendered":"<blockquote>\n<h3 style=\"text-align: center;\"><em><strong><span style=\"color: #0073aa;\">\u00abSer libre no se trata s\u00f3lo de deshacerse de sus cadenas; es vivir de una manera que respete y fortalezca la libertad de los dem\u00e1s\u00bb.<\/span><\/strong><\/em><\/h3>\n<h3 style=\"text-align: center;\"><em><strong><span style=\"color: #0073aa;\">Nelson Mandela, un largo camino hacia la libertad.<\/span><\/strong><\/em><\/h3>\n<\/blockquote>\n<p>&nbsp;<\/p>\n<p style=\"text-align: justify;\">Robben Island o Robbeneiland (en Afrikaans) es una isla frente a la costa de Ciudad del Cabo, a 6,9 km al oeste de la costa de Bloubergstrand.<\/p>\n<p style=\"text-align: justify;\">Declarada Patrimonio de la Humanidad por la UNESCO en 1999, se sabe que Robben Island fue utilizada como prisi\u00f3n, lepra, hospital psiqui\u00e1trico y puesto de defensa militar. En el siglo XX, los opositores negros del r\u00e9gimen del apartheid, condenados a largas sentencias, fueron internados all\u00ed, incluidos tres futuros presidentes sudafricanos (Nelson Mandela, Kgalema Motlanthe y Jacob Zuma).<\/p>\n<p>&nbsp;<\/p>\n<h3 style=\"text-align: justify;\"><span style=\"color: #0073aa;\">UNA HISTORIA PEU&#8230;<\/span><\/h3>\n<p style=\"text-align: justify;\">La isla fue listada por primera vez por los europeos en 1498, cuando la flota de Vasco da Gama lleg\u00f3 al Cabo de Buena Esperanza.Desde 1658, la isla de Robben fue utilizada como prisi\u00f3n por los primeros colonos holandeses, que hab\u00edan desembarcado en Ciudad del Cabo 6 a\u00f1os antes. El jefe Khoi, Harry Strandloper, es el primer detenido en la isla.<\/p>\n<p style=\"text-align: justify;\">Varios otros fueron detenidos all\u00ed hasta 1795, no s\u00f3lo los convictos africanos de derecho com\u00fan, sino tambi\u00e9n nativos de las colonias holandesas del sudeste asi\u00e1tico, como Batavia, condenados al exilio y deportados a Africa por el Autoridades holandesas. De 1771 a 1790, la isla tambi\u00e9n fue utilizada como estaci\u00f3n de cuarentena.<\/p>\n<p>&nbsp;<\/p>\n<p style=\"text-align: justify;\"><span style=\"font-weight: 400;\">De 1795 a 1802, las tropas brit\u00e1nicas que ocupaban Ciudad del Cabo la utilizaron como prisi\u00f3n militar, principalmente blancos holandeses, y para los convictos ordinarios antes de regresar brevemente al control de las autoridades de Batavia.<\/span><span style=\"font-weight: 400;\"><br \/>\n<\/span><span style=\"font-weight: 400;\"><br \/>\n<\/span><span style=\"font-weight: 400;\">De 1806 a 1842, las autoridades brit\u00e1nicas de la Colonia del Cabo, que hab\u00edan sucedido definitivamente a las autoridades holandesas, restauraron la isla de Robben a su vocaci\u00f3n como prisi\u00f3n militar y de derecho com\u00fan. En 1819, durante la quinta guerra de caf\u00e9, las autoridades brit\u00e1nicas internaron a un profeta y l\u00edder rebelde de Xhosa, Makana Nxele, que fue condenada a cadena perpetua en la isla. Se ahog\u00f3 en las aguas de Table Bay durante su intento de fuga de regresar a las orillas de la plataforma continental.<\/span><span style=\"font-weight: 400;\"><br \/>\n<\/span><\/p>\n<p>&nbsp;<\/p>\n<p style=\"text-align: justify;\"><span style=\"font-weight: 400;\">A principios de la d\u00e9cada de 1845, la isla fue reasignada a un centro psiqui\u00e1trico para lun\u00e1ticos (hasta 1921) y a un hospital para leprosos (hasta 1931) tras el traslado de la colonia de leprosos Hemel-en-Aarde ubicada anteriormente en Caledon. La isla de Robben tiene la ventaja de estar aislada, para evitar la contaminaci\u00f3n, pero tambi\u00e9n puede beneficiarse de un ambiente saludable para las curas. Inicialmente, las admisiones fueron voluntarias, pero a partir de 1892 ya no eran voluntarias, y los movimientos de los leprosos eran limitados. Antes de 1892 el n\u00famero promedio de admisiones por a\u00f1o era de 25, pero en 1892 esta cifra aument\u00f3 a 338 y a m\u00e1s de 250 en 1893. Al mismo tiempo, Robben Island sigue siendo utilizada como prisi\u00f3n militar y por derechos comunes.<\/span><span style=\"font-weight: 400;\"><br \/>\n<\/span><\/p>\n<p style=\"text-align: justify;\"><span style=\"font-weight: 400;\">Durante la Segunda Guerra Mundial, la isla fue fortificada y se instalaron armas para proporcionar parte de la defensa de Ciudad del Cabo. Despu\u00e9s de la guerra, se convirti\u00f3 en un campo de entrenamiento y en 1951 fue otorgado al Cuerpo de Marines de Sud\u00e1frica. En 1959, fue trasladada al Departamento de Prisiones para construir una prisi\u00f3n de m\u00e1xima seguridad.<\/span><span style=\"font-weight: 400;\"><br \/>\n<\/span><\/p>\n<p>&nbsp;<\/p>\n<p style=\"text-align: justify;\"><span style=\"font-weight: 400;\">En 1961 Robben Island se convirti\u00f3 en una prisi\u00f3n de m\u00e1xima seguridad para los presos de larga duraci\u00f3n (diez a\u00f1os de vida), incluyendo miembros del ANC y movimientos antiapartheid. Nelson Mandela fue detenido all\u00ed durante casi 17 a\u00f1os, desde 1964, antes de ser trasladado a la prisi\u00f3n de Pollsmoor en 1982 y a la prisi\u00f3n Victor Verster en 1986, cerca de Paarl. El futuro presidente Jacob Zuma estuvo encarcelado all\u00ed durante diez a\u00f1os.<\/span><span style=\"font-weight: 400;\"><br \/>\n<\/span><span style=\"font-weight: 400;\"><br \/>\n<\/span><span style=\"font-weight: 400;\">En 1996, Robben Island dej\u00f3 de funcionar como centro de prisi\u00f3n y al a\u00f1o siguiente se convirti\u00f3 en un museo nacional.<\/span><span style=\"font-weight: 400;\"><br \/>\n<\/span><span style=\"font-weight: 400;\"><br \/>\n<\/span><span style=\"font-weight: 400;\">En las elecciones generales de Sud\u00e1frica de 2009, la Alianza Democr\u00e1tica gan\u00f3 la circunscripci\u00f3n que inclu\u00eda a Robben Island.<\/span><span style=\"font-weight: 400;\"><br \/>\n<\/span><\/p>\n<p>&nbsp;<\/p>\n<h3 style=\"text-align: justify;\"><span style=\"color: #0073aa;\"><b>LISTA DE LOS PRISIONEROS C-BRE:<\/b><\/span><\/h3>\n<p style=\"text-align: justify;\"><b><span style=\"color: #0073aa;\">Massavana<\/span>,<\/b><span style=\"font-weight: 400;\"> l\u00edder del mot\u00edn de los esclavos de The Meermin en febrero de 1766<\/span><span style=\"font-weight: 400;\"><br \/>\n<\/span><span style=\"font-weight: 400;\">El 20 de enero de 1766, el Meermin, un barco esclavo de la Compa\u00f1\u00eda Holandesa de las Indias Orientales, deport\u00f3 a m\u00e1s de ciento cincuenta cautivos negros, la mayor\u00eda de ellos de diecis\u00e9is a\u00f1os, de Tulear (Madagascar) a la colonia holandesa de cabo de Buena Esperanza, sur extremo de Africa.<\/span><span style=\"font-weight: 400;\"><br \/>\n<\/span><span style=\"font-weight: 400;\"><br \/>\n<\/span><span style=\"font-weight: 400;\">La Compa\u00f1\u00eda Holandesa de las Indias Orientales ten\u00eda puestos comerciales y asentamientos en las costas de la actual Sud\u00e1frica a Mozambique, donde decenas de miles de cautivos negros de Africa y Asia fueron utilizados como caballos de batalla.<\/span><span style=\"font-weight: 400;\"><br \/>\n<\/span><\/p>\n<p>&nbsp;<\/p>\n<p style=\"text-align: justify;\"><span style=\"font-weight: 400;\">Originario de Madagascar, Massavana naci\u00f3 alrededor de la d\u00e9cada de 1740. Ten\u00eda unos 26 a\u00f1os cuando se uni\u00f3 a los combatientes de la resistencia africana en Yovodah, junto con su compatriota Koesaaij. <\/span><\/p>\n<p style=\"text-align: justify;\"><span style=\"font-weight: 400;\">En la lengua Fon (hablada en Benin), \u00abYOVO\u00bb significa blanco europeo y \u00abDAH\u00bb significa cruel o cruel. YOVODAH es, en el lenguaje de las v\u00edctimas africanas, el t\u00e9rmino utilizado para referirse a esta crueldad europea blanca a expensas de Africa, los africanos y los pueblos negros de todo el mundo.<\/span><span style=\"font-weight: 400;\"><br \/>\n<\/span><\/p>\n<p>&nbsp;<\/p>\n<p style=\"text-align: justify;\"><span style=\"font-weight: 400;\">Se inform\u00f3 que Massavana y Koesaaij fueron recibidos a bordo del Meermin. Pero son asaltados por los escladores mientras salen del barco, que los despojan, los atan y los env\u00edan al fondo de la bodega.<\/span><\/p>\n<p style=\"text-align: justify;\"><span style=\"font-weight: 400;\"><br \/>\n<\/span><span style=\"font-weight: 400;\">Durante una limpieza en el puente, Massavana y sus hermanos atacan las escorias y lanzan a la mayor\u00eda de ellos por la borda. Sin embargo, unos 20 supervivientes se refugiaron en la armer\u00eda del barco, desde donde organizaron la resistencia contra las revueltas africanas. Despu\u00e9s de haber decidido llegar a la costa en canoas, Massavana y sus compatriotas fueron capturados por los colonos locales y enviados a Ciudad del Cabo para ser juzgados como esclavos fugitivos. Su juicio se produjo unos meses m\u00e1s tarde, el 25 de agosto de 1766: Massavana, Koesaaij y sus compatriotas fueron condenados a varias penas de prisi\u00f3n en Robben Island. Massavana muri\u00f3 all\u00ed tres a\u00f1os m\u00e1s tarde, el 20 de diciembre de 1769, mientras que Koesaaij sobrevivi\u00f3 durante unos veinte a\u00f1os.<\/span><\/p>\n<p>&nbsp;<\/p>\n<h3 style=\"text-align: justify;\"><span style=\"color: #0073aa;\"><b>NELSON MANDELA<\/b><\/span><\/h3>\n<p style=\"text-align: justify;\"><span style=\"font-weight: 400;\">Nelson Rolihlahla Mandela (1918-2013) fue uno de los l\u00edderes hist\u00f3ricos de la lucha contra el sistema pol\u00edtico institucional de segregaci\u00f3n racial (Apartheid), antes de convertirse en Presidente de la Rep\u00fablica de Sud\u00e1frica de 1994 a 1999, primeras elecciones nacionales no especificadas en la historia del pa\u00eds.<\/span><span style=\"font-weight: 400;\"><br \/>\n<\/span><span style=\"font-weight: 400;\"><br \/>\n<\/span><span style=\"font-weight: 400;\">Ingres\u00f3 en el Congreso Nacional Africano (ANC) en 1943 para combatir la dominaci\u00f3n pol\u00edtica por parte de la minor\u00eda blanca y la segregaci\u00f3n racial introducida por ella. Se convirti\u00f3 en abogado y particip\u00f3 en la lucha no violenta contra las leyes del Apartheid, establecida por el gobierno del Partido Nacional desde 1948. El ANC fue prohibido en 1960, y la lucha pac\u00edfica dio pocos resultados, Mandela fund\u00f3 y lider\u00f3 la rama militar del ANC, Umkhonto we Sizwe, en 1961, que lider\u00f3 una campa\u00f1a de sabotaje contra las instalaciones p\u00fablicas y militares del estado sudafricano. .<\/span><\/p>\n<p>&nbsp;<\/p>\n<p style=\"text-align: justify;\"><span style=\"font-weight: 400;\">El 5 de agosto de 1962, fue arrestado por la polic\u00eda sudafricana bajo la direcci\u00f3n de la CIA, y fue condenado a cadena perpetua y trabajos forzados en el juicio de Rivonia. Fue encarcelado en Robben Island durante 18 a\u00f1os y trasladado a la prisi\u00f3n de Pollsmoor, en las afueras de Ciudad del Cabo, donde permaneci\u00f3 otros nueve a\u00f1os. A partir de entonces, se convirti\u00f3 en un s\u00edmbolo de la lucha por la igualdad racial y disfrut\u00f3 de un creciente apoyo internacional. Despu\u00e9s de 27 a\u00f1os en prisi\u00f3n en condiciones a menudo duras, y despu\u00e9s de rechazar las condiciones bajo las cuales se acord\u00f3 ser puesto en libertad, con el fin de mantener la conformidad con sus condenas, Mandela fue puesto en libertad el 11 de febrero de 1990.<\/span><span style=\"font-weight: 400;\"><br \/>\n<\/span><span style=\"font-weight: 400;\"><br \/>\n<\/span><span style=\"font-weight: 400;\">En 1993, fue galardonado con el Premio Nobel de la Paz por poner fin solidariamente al r\u00e9gimen del Apartheid y sentar las bases para una nueva Sud\u00e1frica democr\u00e1tica. En 1994, se convirti\u00f3 en el primer presidente negro de Sud\u00e1frica, la Naci\u00f3n Arco Iris.<\/span><\/p>\n<p>&nbsp;<\/p>\n","protected":false},"excerpt":{"rendered":"<p>\u00abSer libre no se trata s\u00f3lo de deshacerse de sus cadenas; es vivir de una manera que respete y fortalezca la libertad de los dem\u00e1s\u00bb. Nelson Mandela, un largo camino hacia la libertad. &nbsp; Robben Island o Robbeneiland (en Afrikaans) es una isla frente a la costa de Ciudad del Cabo, a 6,9 km al [&hellip;]<\/p>\n","protected":false},"author":1,"featured_media":2598,"parent":0,"menu_order":0,"comment_status":"open","ping_status":"open","template":"","meta":{"footnotes":""},"class_list":["post-80","page","type-page","status-publish","has-post-thumbnail","hentry"],"yoast_head":"<!-- This site is optimized with the Yoast SEO plugin v27.3 - https:\/\/yoast.com\/product\/yoast-seo-wordpress\/ -->\n<title>Isla Robben Island - Historia de Sud\u00e1frica. Informaci\u00f3n- Entradas.<\/title>\n<meta name=\"description\" content=\"Descubra c\u00f3mo la isla de Robben Island ha marcado la historia de Sud\u00e1frica y el mundo. Haz un viaje en el tiempo. Entradas salta la fila\" \/>\n<meta name=\"robots\" content=\"index, follow, max-snippet:-1, max-image-preview:large, max-video-preview:-1\" \/>\n<link rel=\"canonical\" href=\"https:\/\/robben-island-tickets.com\/es\/isla-robben-island\/\" \/>\n<meta property=\"og:locale\" content=\"es_ES\" \/>\n<meta property=\"og:type\" content=\"article\" \/>\n<meta property=\"og:title\" content=\"Isla Robben Island - Historia de Sud\u00e1frica. Informaci\u00f3n- Entradas.\" \/>\n<meta property=\"og:description\" content=\"Descubra c\u00f3mo la isla de Robben Island ha marcado la historia de Sud\u00e1frica y el mundo. Haz un viaje en el tiempo. Entradas salta la fila\" \/>\n<meta property=\"og:url\" content=\"https:\/\/robben-island-tickets.com\/es\/isla-robben-island\/\" \/>\n<meta property=\"og:site_name\" content=\"ROBBEN ISLAND\" \/>\n<meta property=\"article:modified_time\" content=\"2026-01-07T10:02:46+00:00\" \/>\n<meta property=\"og:image\" content=\"https:\/\/robben-island-tickets.com\/wp-content\/uploads\/2025\/01\/L1001236-1.jpg\" \/>\n\t<meta property=\"og:image:width\" content=\"1800\" \/>\n\t<meta property=\"og:image:height\" content=\"1201\" \/>\n\t<meta property=\"og:image:type\" content=\"image\/jpeg\" \/>\n<meta name=\"twitter:card\" content=\"summary_large_image\" \/>\n<meta name=\"twitter:label1\" content=\"Tiempo de lectura\" \/>\n\t<meta name=\"twitter:data1\" content=\"7 minutos\" \/>\n<script type=\"application\/ld+json\" class=\"yoast-schema-graph\">{\"@context\":\"https:\\\/\\\/schema.org\",\"@graph\":[{\"@type\":\"WebPage\",\"@id\":\"https:\\\/\\\/robben-island-tickets.com\\\/es\\\/isla-robben-island\\\/\",\"url\":\"https:\\\/\\\/robben-island-tickets.com\\\/es\\\/isla-robben-island\\\/\",\"name\":\"Isla Robben Island - Historia de Sud\u00e1frica. Informaci\u00f3n- Entradas.\",\"isPartOf\":{\"@id\":\"http:\\\/\\\/robben-island-tickets.com\\\/es\\\/robben-island-tour\\\/#website\"},\"primaryImageOfPage\":{\"@id\":\"https:\\\/\\\/robben-island-tickets.com\\\/es\\\/isla-robben-island\\\/#primaryimage\"},\"image\":{\"@id\":\"https:\\\/\\\/robben-island-tickets.com\\\/es\\\/isla-robben-island\\\/#primaryimage\"},\"thumbnailUrl\":\"https:\\\/\\\/robben-island-tickets.com\\\/wp-content\\\/uploads\\\/2025\\\/01\\\/L1001236-1.jpg\",\"datePublished\":\"2019-03-05T07:51:28+00:00\",\"dateModified\":\"2026-01-07T10:02:46+00:00\",\"description\":\"Descubra c\u00f3mo la isla de Robben Island ha marcado la historia de Sud\u00e1frica y el mundo. Haz un viaje en el tiempo. Entradas salta la fila\",\"breadcrumb\":{\"@id\":\"https:\\\/\\\/robben-island-tickets.com\\\/es\\\/isla-robben-island\\\/#breadcrumb\"},\"inLanguage\":\"es\",\"potentialAction\":[{\"@type\":\"ReadAction\",\"target\":[\"https:\\\/\\\/robben-island-tickets.com\\\/es\\\/isla-robben-island\\\/\"]}]},{\"@type\":\"ImageObject\",\"inLanguage\":\"es\",\"@id\":\"https:\\\/\\\/robben-island-tickets.com\\\/es\\\/isla-robben-island\\\/#primaryimage\",\"url\":\"https:\\\/\\\/robben-island-tickets.com\\\/wp-content\\\/uploads\\\/2025\\\/01\\\/L1001236-1.jpg\",\"contentUrl\":\"https:\\\/\\\/robben-island-tickets.com\\\/wp-content\\\/uploads\\\/2025\\\/01\\\/L1001236-1.jpg\",\"width\":1800,\"height\":1201},{\"@type\":\"BreadcrumbList\",\"@id\":\"https:\\\/\\\/robben-island-tickets.com\\\/es\\\/isla-robben-island\\\/#breadcrumb\",\"itemListElement\":[{\"@type\":\"ListItem\",\"position\":1,\"name\":\"Accueil\",\"item\":\"https:\\\/\\\/robben-island-tickets.com\\\/es\\\/visita-la-isla-de-robben\\\/\"},{\"@type\":\"ListItem\",\"position\":2,\"name\":\"Isla Robben ISLAND\"}]},{\"@type\":\"WebSite\",\"@id\":\"http:\\\/\\\/robben-island-tickets.com\\\/es\\\/robben-island-tour\\\/#website\",\"url\":\"http:\\\/\\\/robben-island-tickets.com\\\/es\\\/robben-island-tour\\\/\",\"name\":\"ROBBEN ISLAND\",\"description\":\"More than just an Island\",\"publisher\":{\"@id\":\"http:\\\/\\\/robben-island-tickets.com\\\/es\\\/robben-island-tour\\\/#organization\"},\"potentialAction\":[{\"@type\":\"SearchAction\",\"target\":{\"@type\":\"EntryPoint\",\"urlTemplate\":\"http:\\\/\\\/robben-island-tickets.com\\\/es\\\/robben-island-tour\\\/?s={search_term_string}\"},\"query-input\":{\"@type\":\"PropertyValueSpecification\",\"valueRequired\":true,\"valueName\":\"search_term_string\"}}],\"inLanguage\":\"es\"},{\"@type\":\"Organization\",\"@id\":\"http:\\\/\\\/robben-island-tickets.com\\\/es\\\/robben-island-tour\\\/#organization\",\"name\":\"ROBBEN ISLAND\",\"url\":\"http:\\\/\\\/robben-island-tickets.com\\\/es\\\/robben-island-tour\\\/\",\"logo\":{\"@type\":\"ImageObject\",\"inLanguage\":\"es\",\"@id\":\"http:\\\/\\\/robben-island-tickets.com\\\/es\\\/robben-island-tour\\\/#\\\/schema\\\/logo\\\/image\\\/\",\"url\":\"https:\\\/\\\/robben-island-tickets.com\\\/wp-content\\\/uploads\\\/2019\\\/02\\\/prisoner.png\",\"contentUrl\":\"https:\\\/\\\/robben-island-tickets.com\\\/wp-content\\\/uploads\\\/2019\\\/02\\\/prisoner.png\",\"width\":256,\"height\":256,\"caption\":\"ROBBEN ISLAND\"},\"image\":{\"@id\":\"http:\\\/\\\/robben-island-tickets.com\\\/es\\\/robben-island-tour\\\/#\\\/schema\\\/logo\\\/image\\\/\"}}]}<\/script>\n<!-- \/ Yoast SEO plugin. -->","yoast_head_json":{"title":"Isla Robben Island - Historia de Sud\u00e1frica. Informaci\u00f3n- Entradas.","description":"Descubra c\u00f3mo la isla de Robben Island ha marcado la historia de Sud\u00e1frica y el mundo. Haz un viaje en el tiempo. Entradas salta la fila","robots":{"index":"index","follow":"follow","max-snippet":"max-snippet:-1","max-image-preview":"max-image-preview:large","max-video-preview":"max-video-preview:-1"},"canonical":"https:\/\/robben-island-tickets.com\/es\/isla-robben-island\/","og_locale":"es_ES","og_type":"article","og_title":"Isla Robben Island - Historia de Sud\u00e1frica. Informaci\u00f3n- Entradas.","og_description":"Descubra c\u00f3mo la isla de Robben Island ha marcado la historia de Sud\u00e1frica y el mundo. Haz un viaje en el tiempo. Entradas salta la fila","og_url":"https:\/\/robben-island-tickets.com\/es\/isla-robben-island\/","og_site_name":"ROBBEN ISLAND","article_modified_time":"2026-01-07T10:02:46+00:00","og_image":[{"width":1800,"height":1201,"url":"https:\/\/robben-island-tickets.com\/wp-content\/uploads\/2025\/01\/L1001236-1.jpg","type":"image\/jpeg"}],"twitter_card":"summary_large_image","twitter_misc":{"Tiempo de lectura":"7 minutos"},"schema":{"@context":"https:\/\/schema.org","@graph":[{"@type":"WebPage","@id":"https:\/\/robben-island-tickets.com\/es\/isla-robben-island\/","url":"https:\/\/robben-island-tickets.com\/es\/isla-robben-island\/","name":"Isla Robben Island - Historia de Sud\u00e1frica. Informaci\u00f3n- Entradas.","isPartOf":{"@id":"http:\/\/robben-island-tickets.com\/es\/robben-island-tour\/#website"},"primaryImageOfPage":{"@id":"https:\/\/robben-island-tickets.com\/es\/isla-robben-island\/#primaryimage"},"image":{"@id":"https:\/\/robben-island-tickets.com\/es\/isla-robben-island\/#primaryimage"},"thumbnailUrl":"https:\/\/robben-island-tickets.com\/wp-content\/uploads\/2025\/01\/L1001236-1.jpg","datePublished":"2019-03-05T07:51:28+00:00","dateModified":"2026-01-07T10:02:46+00:00","description":"Descubra c\u00f3mo la isla de Robben Island ha marcado la historia de Sud\u00e1frica y el mundo. Haz un viaje en el tiempo. Entradas salta la fila","breadcrumb":{"@id":"https:\/\/robben-island-tickets.com\/es\/isla-robben-island\/#breadcrumb"},"inLanguage":"es","potentialAction":[{"@type":"ReadAction","target":["https:\/\/robben-island-tickets.com\/es\/isla-robben-island\/"]}]},{"@type":"ImageObject","inLanguage":"es","@id":"https:\/\/robben-island-tickets.com\/es\/isla-robben-island\/#primaryimage","url":"https:\/\/robben-island-tickets.com\/wp-content\/uploads\/2025\/01\/L1001236-1.jpg","contentUrl":"https:\/\/robben-island-tickets.com\/wp-content\/uploads\/2025\/01\/L1001236-1.jpg","width":1800,"height":1201},{"@type":"BreadcrumbList","@id":"https:\/\/robben-island-tickets.com\/es\/isla-robben-island\/#breadcrumb","itemListElement":[{"@type":"ListItem","position":1,"name":"Accueil","item":"https:\/\/robben-island-tickets.com\/es\/visita-la-isla-de-robben\/"},{"@type":"ListItem","position":2,"name":"Isla Robben ISLAND"}]},{"@type":"WebSite","@id":"http:\/\/robben-island-tickets.com\/es\/robben-island-tour\/#website","url":"http:\/\/robben-island-tickets.com\/es\/robben-island-tour\/","name":"ROBBEN ISLAND","description":"More than just an Island","publisher":{"@id":"http:\/\/robben-island-tickets.com\/es\/robben-island-tour\/#organization"},"potentialAction":[{"@type":"SearchAction","target":{"@type":"EntryPoint","urlTemplate":"http:\/\/robben-island-tickets.com\/es\/robben-island-tour\/?s={search_term_string}"},"query-input":{"@type":"PropertyValueSpecification","valueRequired":true,"valueName":"search_term_string"}}],"inLanguage":"es"},{"@type":"Organization","@id":"http:\/\/robben-island-tickets.com\/es\/robben-island-tour\/#organization","name":"ROBBEN ISLAND","url":"http:\/\/robben-island-tickets.com\/es\/robben-island-tour\/","logo":{"@type":"ImageObject","inLanguage":"es","@id":"http:\/\/robben-island-tickets.com\/es\/robben-island-tour\/#\/schema\/logo\/image\/","url":"https:\/\/robben-island-tickets.com\/wp-content\/uploads\/2019\/02\/prisoner.png","contentUrl":"https:\/\/robben-island-tickets.com\/wp-content\/uploads\/2019\/02\/prisoner.png","width":256,"height":256,"caption":"ROBBEN ISLAND"},"image":{"@id":"http:\/\/robben-island-tickets.com\/es\/robben-island-tour\/#\/schema\/logo\/image\/"}}]}},"_links":{"self":[{"href":"https:\/\/robben-island-tickets.com\/es\/wp-json\/wp\/v2\/pages\/80","targetHints":{"allow":["GET"]}}],"collection":[{"href":"https:\/\/robben-island-tickets.com\/es\/wp-json\/wp\/v2\/pages"}],"about":[{"href":"https:\/\/robben-island-tickets.com\/es\/wp-json\/wp\/v2\/types\/page"}],"author":[{"embeddable":true,"href":"https:\/\/robben-island-tickets.com\/es\/wp-json\/wp\/v2\/users\/1"}],"replies":[{"embeddable":true,"href":"https:\/\/robben-island-tickets.com\/es\/wp-json\/wp\/v2\/comments?post=80"}],"version-history":[{"count":5,"href":"https:\/\/robben-island-tickets.com\/es\/wp-json\/wp\/v2\/pages\/80\/revisions"}],"predecessor-version":[{"id":3239,"href":"https:\/\/robben-island-tickets.com\/es\/wp-json\/wp\/v2\/pages\/80\/revisions\/3239"}],"wp:featuredmedia":[{"embeddable":true,"href":"https:\/\/robben-island-tickets.com\/es\/wp-json\/wp\/v2\/media\/2598"}],"wp:attachment":[{"href":"https:\/\/robben-island-tickets.com\/es\/wp-json\/wp\/v2\/media?parent=80"}],"curies":[{"name":"wp","href":"https:\/\/api.w.org\/{rel}","templated":true}]}}