{"id":74,"date":"2019-03-05T08:51:28","date_gmt":"2019-03-05T07:51:28","guid":{"rendered":"https:\/\/robben-island-tickets.com\/?page_id=16"},"modified":"2026-01-07T09:47:21","modified_gmt":"2026-01-07T08:47:21","slug":"robben-island-isola","status":"publish","type":"page","link":"https:\/\/robben-island-tickets.com\/it\/robben-island-isola\/","title":{"rendered":"Isola di Robben"},"content":{"rendered":"<p>&nbsp;<\/p>\n<blockquote>\n<h3 style=\"text-align: center;\"><em><strong><span style=\"color: #0073aa;\">&#8220;Essere liberi non \u00e8 solo sbarazzarsi delle tue catene; \u00e8 vivere in un modo che rispetti e rafforzi la libert\u00e0 degli altri&#8221;.<\/span><\/strong><\/em><\/h3>\n<h3 style=\"text-align: center;\"><em><strong><span style=\"color: #0073aa;\">Nelson Mandela, una lunga via per la libert\u00e0.<\/span><\/strong><\/em><\/h3>\n<\/blockquote>\n<p>&nbsp;<\/p>\n<p style=\"text-align: justify;\">Robben Island o Robbeneiland (in afrikaans) \u00e8 un&#8217;isola al largo della costa di Citt\u00e0 del Capo, 6,9 km a ovest della costa di Bloubergstrand.<\/p>\n<p style=\"text-align: justify;\">Patrimonio dell&#8217;Umanit\u00e0 dell&#8217;UNESCO nel 1999, Robben Island \u00e8 noto per essere stato utilizzato come prigione, lebbra, ospedale psichiatrico e posto di difesa militare. Nel XX secolo, gli oppositori neri del regime dell&#8217;apartheid, condannati a lunghe condanne, furono internati l\u00ec, tra cui tre futuri presidenti sudafricani (Nelson Mandela, Kgalema Motlanthe e Jacob euma).<\/p>\n<p>&nbsp;<\/p>\n<h3 style=\"text-align: justify;\"><span style=\"color: #0073aa;\">Una STORIA PEU&#8230;<\/span><\/h3>\n<p style=\"text-align: justify;\">L&#8217;isola fu elencata per la prima volta dagli europei nel 1498, quando la flotta di Vasco da Gama raggiunse il Capo di Buona Speranza.Dal 1658, Robben Island fu utilizzata come prigione dai primi coloni olandesi, che erano sbarcati a Citt\u00e0 del Capo 6 anni prima. Il capo Khoi, Harry Strandloper, \u00e8 il primo detenuto sull&#8217;isola.<\/p>\n<p style=\"text-align: justify;\">Molti altri sono stati trattenuti fino al 1795, non solo i detenuti africani di diritto comune, ma anche i nativi delle colonie olandesi del sud-est asiatico, come Batavia, condannati all&#8217;esilio e deportati in Africa dal autorit\u00e0 olandesi. Dal 1771 al 1790, l&#8217;isola fu utilizzata anche come stazione di quarantena.<\/p>\n<p>&nbsp;<\/p>\n<p style=\"text-align: justify;\"><span style=\"font-weight: 400;\">Dal 1795 al 1802, le truppe britanniche che occupavano Citt\u00e0 del Capo la usarono come prigione militare, principalmente bianchi olandesi, e per detenuti ordinari prima di tornare brevemente al controllo delle autorit\u00e0 Bataviane.<\/span><span style=\"font-weight: 400;\"><br \/>\n<\/span><span style=\"font-weight: 400;\"><br \/>\n<\/span><span style=\"font-weight: 400;\">Dal 1806 al 1842, le autorit\u00e0 britanniche della Colonia del Capo, che erano definitivamente succedute alle autorit\u00e0 olandesi, ripristinarono Robben Island alla sua vocazione come prigione militare e di diritto comune. Nel 1819, durante la quinta guerra dei cafre, le autorit\u00e0 britanniche internarono un profeta e il leader ribelle Xhosa, Makana Nxele, che fu condannato all&#8217;ergastolo sull&#8217;isola. Affog\u00f2 nelle acque di Table Bay durante il suo tentativo di fuga di tornare alle rive della piattaforma continentale.<\/span><span style=\"font-weight: 400;\"><br \/>\n<\/span><\/p>\n<p>&nbsp;<\/p>\n<p style=\"text-align: justify;\"><span style=\"font-weight: 400;\">Nei primi anni 1845, l&#8217;isola fu riassegnata a un centro psichiatrico per pazzi (fino al 1921) e un ospedale per lebbrosi (fino al 1931) in seguito al trasferimento della colonia di lebbrosi Hemel-en-Aarde precedentemente situata a Caledon. Robben isola ha il vantaggio di essere sia isolata, per evitare la contaminazione, ma pu\u00f2 anche beneficiare di un ambiente sano per le cure. Inizialmente, le ammissioni erano volontarie, ma dal 1892 non erano pi\u00f9 volontarie e i movimenti dei leper erano limitati. Prima del 1892 il numero medio di ingressi all&#8217;anno era di 25, ma nel 1892 questo numero aument\u00f2 a 338 e a pi\u00f9 di 250 nel 1893. Allo stesso tempo, Robben Island continua ad essere utilizzato come prigione militare e per i diritti comuni.<\/span><span style=\"font-weight: 400;\"><br \/>\n<\/span><\/p>\n<p style=\"text-align: justify;\"><span style=\"font-weight: 400;\">Durante la seconda guerra mondiale, l&#8217;isola fu fortificata e furono installate armi per fornire parte della difesa di Citt\u00e0 del Capo. Dopo la guerra, divenne un campo di addestramento e nel 1951 fu assegnato al South African Marine Corps. Nel 1959, fu trasferita al Dipartimento delle Prigioni per costruire una prigione di massima sicurezza.<\/span><span style=\"font-weight: 400;\"><br \/>\n<\/span><\/p>\n<p>&nbsp;<\/p>\n<p style=\"text-align: justify;\"><span style=\"font-weight: 400;\">Nel 1961 Robben Island divenne una prigione di massima sicurezza per i prigionieri di lunga durata (dieci anni a vita), compresi i membri dell&#8217;ANC e i movimenti anti-apartheid. Nelson Mandela \u00e8 stato detenuto l\u00ec per quasi 17 anni, dal 1964, prima di essere trasferito nella prigione di Pollsmoor nel 1982 e nella prigione di Victor Verster nel 1986, vicino a Paarl. Il futuro presidente Jacob suma fu imprigionato l\u00ec per dieci anni.<\/span><span style=\"font-weight: 400;\"><br \/>\n<\/span><span style=\"font-weight: 400;\"><br \/>\n<\/span><span style=\"font-weight: 400;\">Nel 1996, Robben Island cess\u00f2 le sue funzioni come centro carcerario e l&#8217;anno successivo divenne un museo nazionale.<\/span><span style=\"font-weight: 400;\"><br \/>\n<\/span><span style=\"font-weight: 400;\"><br \/>\n<\/span><span style=\"font-weight: 400;\">Alle elezioni generali sudafricane del 2009, l&#8217;Alleanza Democratica ha vinto la circoscrizione che comprendeva Robben Island.<\/span><span style=\"font-weight: 400;\"><br \/>\n<\/span><\/p>\n<p>&nbsp;<\/p>\n<h3 style=\"text-align: justify;\"><span style=\"color: #0073aa;\"><b>LISTA DI PRISONERS C\u00e9L\u00c8BRE:<\/b><\/span><\/h3>\n<p style=\"text-align: justify;\"><b><span style=\"color: #0073aa;\">Massavana<\/span>,<\/b><span style=\"font-weight: 400;\"> leader dell&#8217;ammutinamento degli schiavi del Meermin nel febbraio 1766<\/span><span style=\"font-weight: 400;\"><br \/>\n<\/span><span style=\"font-weight: 400;\">Il 20 gennaio 1766, la Meermin, una nave schiava della Compagnia Olandese delle Indie Orientali, deport\u00f2 pi\u00f9 di centocinquanta cassetti, la maggior parte dei quali di sedici anni, da Tulear (Madagascar) alla colonia olandese di capo di Buona Speranza, estremo sud dell&#8217;Africa.<\/span><span style=\"font-weight: 400;\"><br \/>\n<\/span><span style=\"font-weight: 400;\"><br \/>\n<\/span><span style=\"font-weight: 400;\">La Compagnia Olandese delle Indie Orientali aveva postazioni commerciali e insediamenti sulle coste dell&#8217;attuale Sudafrica in Mozambico, dove decine di migliaia di captive provenienti dall&#8217;Africa e dall&#8217;Asia venivano usati come cavalli di battaglia.<\/span><span style=\"font-weight: 400;\"><br \/>\n<\/span><\/p>\n<p>&nbsp;<\/p>\n<p style=\"text-align: justify;\"><span style=\"font-weight: 400;\">Originaria del Madagascar, Massavana nacque intorno al 1740. Aveva circa 26 anni quando si un\u00ec ai combattenti della resistenza africana a Yovodah, insieme al suo connazionale Koesaaij. <\/span><\/p>\n<p style=\"text-align: justify;\"><span style=\"font-weight: 400;\">Nella lingua Fon (parlata in Benin), &#8220;YOVO&#8221; significa Bianco europeo e &#8220;DAH&#8221; significa crudele o crudele. YOVODAH \u00e8, nella lingua delle vittime africane, il termine usato per riferirsi a questa crudelt\u00e0 europea bianca a spese dell&#8217;Africa, degli africani e dei popoli di colore di tutto il mondo.<\/span><span style=\"font-weight: 400;\"><br \/>\n<\/span><\/p>\n<p>&nbsp;<\/p>\n<p style=\"text-align: justify;\"><span style=\"font-weight: 400;\">Massavana e Koesaaij furono ricevuti a bordo del Meermin. Ma sono assaliti dagli schiavisti mentre escono dalla barca, che li spogliano, li legano e li mandano in fondo alla stiva.<\/span><\/p>\n<p style=\"text-align: justify;\"><span style=\"font-weight: 400;\"><br \/>\n<\/span><span style=\"font-weight: 400;\">Durante una pulizia del ponte, Massavana e i suoi fratelli attaccano le scorie e gettano la maggior parte di loro in mare. Tuttavia, circa 20 sopravvissuti si rifugiarono nell&#8217;armeria della nave, da dove organizzarono la resistenza contro le rivolte africane. Avendo deciso di raggiungere la costa in canoa, Massavana e i suoi compatrioti furono catturati dai coloni locali e inviati a Citt\u00e0 del Capo per essere processati come schiavi fuggitivi. Il loro processo avvenne alcuni mesi dopo, il 25 agosto 1766: Massavana, Koesaaij e i loro compatrioti furono condannati a varie pene detentive a Robben Island. Massavana mor\u00ec tre anni dopo, il 20 dicembre 1769, mentre Koesaaij sopravvisse per circa vent&#8217;anni.<\/span><\/p>\n<p>&nbsp;<\/p>\n<h3 style=\"text-align: justify;\"><span style=\"color: #0073aa;\"><b>NELSON MANDELA<\/b><\/span><\/h3>\n<p style=\"text-align: justify;\"><span style=\"font-weight: 400;\">Nelson Rolihlahla Mandela (1918-2013) \u00e8 stato uno dei leader storici della lotta contro il sistema politico istituzionale di segregazione razziale (Apartheid), prima di diventare Presidente della Repubblica del Sudafrica dal 1994 al 1999, elezioni nazionali non specificate nella storia del paese.<\/span><span style=\"font-weight: 400;\"><br \/>\n<\/span><span style=\"font-weight: 400;\"><br \/>\n<\/span><span style=\"font-weight: 400;\">Entr\u00f2 nell&#8217;African National Congress (ANC) nel 1943 per combattere il dominio politico da parte della minoranza bianca e la segregazione razziale introdotta da essa. Divenne avvocato e partecip\u00f2 alla lotta non violenta contro le leggi dell&#8217;apartheid, istituita dal governo del Partito Nazionale dal 1948. L&#8217;ANC fu bandita nel 1960, e la lotta pacifica produsse pochi risultati, Mandela fond\u00f2 e guid\u00f2 il ramo militare dell&#8217;ANC, Umkhonto we Sizwe, nel 1961, che condusse una campagna di sabotaggio contro le installazioni pubbliche e militari dello stato sudafricano. .<\/span><\/p>\n<p>&nbsp;<\/p>\n<p style=\"text-align: justify;\"><span style=\"font-weight: 400;\">Il 5 agosto 1962 fu arrestato dalla polizia sudafricana in direzione della CIA, e condannato all&#8217;ergastolo e al duro lavoro al processo di Rivonia. Fu imprigionato a Robben Island per 18 anni e trasferito nella prigione di Pollsmoor, alla periferia di Citt\u00e0 del Capo, dove rimase per altri nove anni. Da allora, divenne un simbolo della lotta per l&#8217;uguaglianza razziale e godette di un crescente sostegno internazionale. Dopo 27 anni di carcere in condizioni spesso dure, e dopo aver rifiutato le condizioni in cui \u00e8 stato accettato di essere rilasciato, al fine di rimanere coerente con le sue convinzioni, Mandela \u00e8 stato rilasciato l&#8217;11 febbraio 1990.<\/span><span style=\"font-weight: 400;\"><br \/>\n<\/span><span style=\"font-weight: 400;\"><br \/>\n<\/span><span style=\"font-weight: 400;\">Nel 1993 \u00e8 stato insignito del Premio Nobel per la pace per la fine congiunta e pacifica del regime dell&#8217;apartheid e la base per un nuovo Sudafrica democratico. Nel 1994 divenne il primo presidente nero del Sudafrica, la Rainbow Nation.<\/span><\/p>\n<p>&nbsp;<\/p>\n","protected":false},"excerpt":{"rendered":"<p>&nbsp; &#8220;Essere liberi non \u00e8 solo sbarazzarsi delle tue catene; \u00e8 vivere in un modo che rispetti e rafforzi la libert\u00e0 degli altri&#8221;. Nelson Mandela, una lunga via per la libert\u00e0. &nbsp; Robben Island o Robbeneiland (in afrikaans) \u00e8 un&#8217;isola al largo della costa di Citt\u00e0 del Capo, 6,9 km a ovest della costa di [&hellip;]<\/p>\n","protected":false},"author":1,"featured_media":2597,"parent":0,"menu_order":0,"comment_status":"open","ping_status":"open","template":"","meta":{"footnotes":""},"class_list":["post-74","page","type-page","status-publish","has-post-thumbnail","hentry"],"yoast_head":"<!-- This site is optimized with the Yoast SEO plugin v27.4 - https:\/\/yoast.com\/product\/yoast-seo-wordpress\/ -->\n<title>Robben Island - Informazioni - Storia - Biglietti online<\/title>\n<meta name=\"description\" content=\"Scopri Robben Island: la sua storia, come pianificare la tua visita, i prezzi, i consigli pratici e le attivit\u00e0 imperdibili a Citt\u00e0 del Capo.\" \/>\n<meta name=\"robots\" content=\"index, follow, max-snippet:-1, max-image-preview:large, max-video-preview:-1\" \/>\n<link rel=\"canonical\" href=\"https:\/\/robben-island-tickets.com\/it\/robben-island-isola\/\" \/>\n<meta property=\"og:locale\" content=\"it_IT\" \/>\n<meta property=\"og:type\" content=\"article\" \/>\n<meta property=\"og:title\" content=\"Robben Island - Informazioni - Storia - Biglietti online\" \/>\n<meta property=\"og:description\" content=\"Scopri Robben Island: la sua storia, come pianificare la tua visita, i prezzi, i consigli pratici e le attivit\u00e0 imperdibili a Citt\u00e0 del Capo.\" \/>\n<meta property=\"og:url\" content=\"https:\/\/robben-island-tickets.com\/it\/robben-island-isola\/\" \/>\n<meta property=\"og:site_name\" content=\"ROBBEN ISLAND\" \/>\n<meta property=\"article:modified_time\" content=\"2026-01-07T08:47:21+00:00\" \/>\n<meta property=\"og:image\" content=\"https:\/\/robben-island-tickets.com\/wp-content\/uploads\/2025\/01\/L1001306.jpg\" \/>\n\t<meta property=\"og:image:width\" content=\"1800\" \/>\n\t<meta property=\"og:image:height\" content=\"1201\" \/>\n\t<meta property=\"og:image:type\" content=\"image\/jpeg\" \/>\n<meta name=\"twitter:card\" content=\"summary_large_image\" \/>\n<meta name=\"twitter:label1\" content=\"Tempo di lettura stimato\" \/>\n\t<meta name=\"twitter:data1\" content=\"6 minuti\" \/>\n<script type=\"application\/ld+json\" class=\"yoast-schema-graph\">{\"@context\":\"https:\\\/\\\/schema.org\",\"@graph\":[{\"@type\":\"WebPage\",\"@id\":\"https:\\\/\\\/robben-island-tickets.com\\\/it\\\/robben-island-isola\\\/\",\"url\":\"https:\\\/\\\/robben-island-tickets.com\\\/it\\\/robben-island-isola\\\/\",\"name\":\"Robben Island - Informazioni - Storia - Biglietti online\",\"isPartOf\":{\"@id\":\"http:\\\/\\\/robben-island-tickets.com\\\/it\\\/robben-island-tour\\\/#website\"},\"primaryImageOfPage\":{\"@id\":\"https:\\\/\\\/robben-island-tickets.com\\\/it\\\/robben-island-isola\\\/#primaryimage\"},\"image\":{\"@id\":\"https:\\\/\\\/robben-island-tickets.com\\\/it\\\/robben-island-isola\\\/#primaryimage\"},\"thumbnailUrl\":\"https:\\\/\\\/robben-island-tickets.com\\\/wp-content\\\/uploads\\\/2025\\\/01\\\/L1001236-1.jpg\",\"datePublished\":\"2019-03-05T07:51:28+00:00\",\"dateModified\":\"2026-01-07T08:47:21+00:00\",\"description\":\"Scopri Robben Island: la sua storia, come pianificare la tua visita, i prezzi, i consigli pratici e le attivit\u00e0 imperdibili a Citt\u00e0 del Capo.\",\"breadcrumb\":{\"@id\":\"https:\\\/\\\/robben-island-tickets.com\\\/it\\\/robben-island-isola\\\/#breadcrumb\"},\"inLanguage\":\"it-IT\",\"potentialAction\":[{\"@type\":\"ReadAction\",\"target\":[\"https:\\\/\\\/robben-island-tickets.com\\\/it\\\/robben-island-isola\\\/\"]}]},{\"@type\":\"ImageObject\",\"inLanguage\":\"it-IT\",\"@id\":\"https:\\\/\\\/robben-island-tickets.com\\\/it\\\/robben-island-isola\\\/#primaryimage\",\"url\":\"https:\\\/\\\/robben-island-tickets.com\\\/wp-content\\\/uploads\\\/2025\\\/01\\\/L1001236-1.jpg\",\"contentUrl\":\"https:\\\/\\\/robben-island-tickets.com\\\/wp-content\\\/uploads\\\/2025\\\/01\\\/L1001236-1.jpg\",\"width\":1800,\"height\":1201},{\"@type\":\"BreadcrumbList\",\"@id\":\"https:\\\/\\\/robben-island-tickets.com\\\/it\\\/robben-island-isola\\\/#breadcrumb\",\"itemListElement\":[{\"@type\":\"ListItem\",\"position\":1,\"name\":\"Accueil\",\"item\":\"https:\\\/\\\/robben-island-tickets.com\\\/it\\\/visitare-lisola-di-robben\\\/\"},{\"@type\":\"ListItem\",\"position\":2,\"name\":\"Isola di Robben\"}]},{\"@type\":\"WebSite\",\"@id\":\"http:\\\/\\\/robben-island-tickets.com\\\/it\\\/robben-island-tour\\\/#website\",\"url\":\"http:\\\/\\\/robben-island-tickets.com\\\/it\\\/robben-island-tour\\\/\",\"name\":\"ROBBEN ISLAND\",\"description\":\"More than just an Island\",\"publisher\":{\"@id\":\"http:\\\/\\\/robben-island-tickets.com\\\/it\\\/robben-island-tour\\\/#organization\"},\"potentialAction\":[{\"@type\":\"SearchAction\",\"target\":{\"@type\":\"EntryPoint\",\"urlTemplate\":\"http:\\\/\\\/robben-island-tickets.com\\\/it\\\/robben-island-tour\\\/?s={search_term_string}\"},\"query-input\":{\"@type\":\"PropertyValueSpecification\",\"valueRequired\":true,\"valueName\":\"search_term_string\"}}],\"inLanguage\":\"it-IT\"},{\"@type\":\"Organization\",\"@id\":\"http:\\\/\\\/robben-island-tickets.com\\\/it\\\/robben-island-tour\\\/#organization\",\"name\":\"ROBBEN ISLAND\",\"url\":\"http:\\\/\\\/robben-island-tickets.com\\\/it\\\/robben-island-tour\\\/\",\"logo\":{\"@type\":\"ImageObject\",\"inLanguage\":\"it-IT\",\"@id\":\"http:\\\/\\\/robben-island-tickets.com\\\/it\\\/robben-island-tour\\\/#\\\/schema\\\/logo\\\/image\\\/\",\"url\":\"https:\\\/\\\/robben-island-tickets.com\\\/wp-content\\\/uploads\\\/2019\\\/02\\\/prisoner.png\",\"contentUrl\":\"https:\\\/\\\/robben-island-tickets.com\\\/wp-content\\\/uploads\\\/2019\\\/02\\\/prisoner.png\",\"width\":256,\"height\":256,\"caption\":\"ROBBEN ISLAND\"},\"image\":{\"@id\":\"http:\\\/\\\/robben-island-tickets.com\\\/it\\\/robben-island-tour\\\/#\\\/schema\\\/logo\\\/image\\\/\"}}]}<\/script>\n<!-- \/ Yoast SEO plugin. -->","yoast_head_json":{"title":"Robben Island - Informazioni - Storia - Biglietti online","description":"Scopri Robben Island: la sua storia, come pianificare la tua visita, i prezzi, i consigli pratici e le attivit\u00e0 imperdibili a Citt\u00e0 del Capo.","robots":{"index":"index","follow":"follow","max-snippet":"max-snippet:-1","max-image-preview":"max-image-preview:large","max-video-preview":"max-video-preview:-1"},"canonical":"https:\/\/robben-island-tickets.com\/it\/robben-island-isola\/","og_locale":"it_IT","og_type":"article","og_title":"Robben Island - Informazioni - Storia - Biglietti online","og_description":"Scopri Robben Island: la sua storia, come pianificare la tua visita, i prezzi, i consigli pratici e le attivit\u00e0 imperdibili a Citt\u00e0 del Capo.","og_url":"https:\/\/robben-island-tickets.com\/it\/robben-island-isola\/","og_site_name":"ROBBEN ISLAND","article_modified_time":"2026-01-07T08:47:21+00:00","og_image":[{"width":1800,"height":1201,"url":"https:\/\/robben-island-tickets.com\/wp-content\/uploads\/2025\/01\/L1001306.jpg","type":"image\/jpeg"}],"twitter_card":"summary_large_image","twitter_misc":{"Tempo di lettura stimato":"6 minuti"},"schema":{"@context":"https:\/\/schema.org","@graph":[{"@type":"WebPage","@id":"https:\/\/robben-island-tickets.com\/it\/robben-island-isola\/","url":"https:\/\/robben-island-tickets.com\/it\/robben-island-isola\/","name":"Robben Island - Informazioni - Storia - Biglietti online","isPartOf":{"@id":"http:\/\/robben-island-tickets.com\/it\/robben-island-tour\/#website"},"primaryImageOfPage":{"@id":"https:\/\/robben-island-tickets.com\/it\/robben-island-isola\/#primaryimage"},"image":{"@id":"https:\/\/robben-island-tickets.com\/it\/robben-island-isola\/#primaryimage"},"thumbnailUrl":"https:\/\/robben-island-tickets.com\/wp-content\/uploads\/2025\/01\/L1001236-1.jpg","datePublished":"2019-03-05T07:51:28+00:00","dateModified":"2026-01-07T08:47:21+00:00","description":"Scopri Robben Island: la sua storia, come pianificare la tua visita, i prezzi, i consigli pratici e le attivit\u00e0 imperdibili a Citt\u00e0 del Capo.","breadcrumb":{"@id":"https:\/\/robben-island-tickets.com\/it\/robben-island-isola\/#breadcrumb"},"inLanguage":"it-IT","potentialAction":[{"@type":"ReadAction","target":["https:\/\/robben-island-tickets.com\/it\/robben-island-isola\/"]}]},{"@type":"ImageObject","inLanguage":"it-IT","@id":"https:\/\/robben-island-tickets.com\/it\/robben-island-isola\/#primaryimage","url":"https:\/\/robben-island-tickets.com\/wp-content\/uploads\/2025\/01\/L1001236-1.jpg","contentUrl":"https:\/\/robben-island-tickets.com\/wp-content\/uploads\/2025\/01\/L1001236-1.jpg","width":1800,"height":1201},{"@type":"BreadcrumbList","@id":"https:\/\/robben-island-tickets.com\/it\/robben-island-isola\/#breadcrumb","itemListElement":[{"@type":"ListItem","position":1,"name":"Accueil","item":"https:\/\/robben-island-tickets.com\/it\/visitare-lisola-di-robben\/"},{"@type":"ListItem","position":2,"name":"Isola di Robben"}]},{"@type":"WebSite","@id":"http:\/\/robben-island-tickets.com\/it\/robben-island-tour\/#website","url":"http:\/\/robben-island-tickets.com\/it\/robben-island-tour\/","name":"ROBBEN ISLAND","description":"More than just an Island","publisher":{"@id":"http:\/\/robben-island-tickets.com\/it\/robben-island-tour\/#organization"},"potentialAction":[{"@type":"SearchAction","target":{"@type":"EntryPoint","urlTemplate":"http:\/\/robben-island-tickets.com\/it\/robben-island-tour\/?s={search_term_string}"},"query-input":{"@type":"PropertyValueSpecification","valueRequired":true,"valueName":"search_term_string"}}],"inLanguage":"it-IT"},{"@type":"Organization","@id":"http:\/\/robben-island-tickets.com\/it\/robben-island-tour\/#organization","name":"ROBBEN ISLAND","url":"http:\/\/robben-island-tickets.com\/it\/robben-island-tour\/","logo":{"@type":"ImageObject","inLanguage":"it-IT","@id":"http:\/\/robben-island-tickets.com\/it\/robben-island-tour\/#\/schema\/logo\/image\/","url":"https:\/\/robben-island-tickets.com\/wp-content\/uploads\/2019\/02\/prisoner.png","contentUrl":"https:\/\/robben-island-tickets.com\/wp-content\/uploads\/2019\/02\/prisoner.png","width":256,"height":256,"caption":"ROBBEN ISLAND"},"image":{"@id":"http:\/\/robben-island-tickets.com\/it\/robben-island-tour\/#\/schema\/logo\/image\/"}}]}},"_links":{"self":[{"href":"https:\/\/robben-island-tickets.com\/it\/wp-json\/wp\/v2\/pages\/74","targetHints":{"allow":["GET"]}}],"collection":[{"href":"https:\/\/robben-island-tickets.com\/it\/wp-json\/wp\/v2\/pages"}],"about":[{"href":"https:\/\/robben-island-tickets.com\/it\/wp-json\/wp\/v2\/types\/page"}],"author":[{"embeddable":true,"href":"https:\/\/robben-island-tickets.com\/it\/wp-json\/wp\/v2\/users\/1"}],"replies":[{"embeddable":true,"href":"https:\/\/robben-island-tickets.com\/it\/wp-json\/wp\/v2\/comments?post=74"}],"version-history":[{"count":7,"href":"https:\/\/robben-island-tickets.com\/it\/wp-json\/wp\/v2\/pages\/74\/revisions"}],"predecessor-version":[{"id":3125,"href":"https:\/\/robben-island-tickets.com\/it\/wp-json\/wp\/v2\/pages\/74\/revisions\/3125"}],"wp:featuredmedia":[{"embeddable":true,"href":"https:\/\/robben-island-tickets.com\/it\/wp-json\/wp\/v2\/media\/2597"}],"wp:attachment":[{"href":"https:\/\/robben-island-tickets.com\/it\/wp-json\/wp\/v2\/media?parent=74"}],"curies":[{"name":"wp","href":"https:\/\/api.w.org\/{rel}","templated":true}]}}